{"id":233,"date":"2022-01-03T13:58:17","date_gmt":"2022-01-03T16:58:17","guid":{"rendered":"https:\/\/assoalhossaopaulo.com.br\/?page_id=233"},"modified":"2025-09-11T10:13:09","modified_gmt":"2025-09-11T13:13:09","slug":"pisos-de-madeira","status":"publish","type":"page","link":"https:\/\/assoalhossaopaulo.com.br\/?page_id=233","title":{"rendered":"Pisos de madeira"},"content":{"rendered":"\t\t<div data-elementor-type=\"wp-page\" data-elementor-id=\"233\" class=\"elementor elementor-233\" data-elementor-post-type=\"page\">\n\t\t\t\t\t\t<section class=\"elementor-section elementor-top-section elementor-element elementor-element-83c83c7 elementor-section-boxed elementor-section-height-default elementor-section-height-default\" data-id=\"83c83c7\" data-element_type=\"section\">\n\t\t\t\t\t\t<div class=\"elementor-container elementor-column-gap-default\">\n\t\t\t\t\t<div class=\"elementor-column elementor-col-100 elementor-top-column elementor-element elementor-element-d6c0e55\" data-id=\"d6c0e55\" data-element_type=\"column\">\n\t\t\t<div class=\"elementor-widget-wrap elementor-element-populated\">\n\t\t\t\t\t\t<div class=\"elementor-element elementor-element-bb1b2bd elementor-widget elementor-widget-spacer\" data-id=\"bb1b2bd\" data-element_type=\"widget\" data-widget_type=\"spacer.default\">\n\t\t\t\t<div class=\"elementor-widget-container\">\n\t\t\t\t\t\t\t<div class=\"elementor-spacer\">\n\t\t\t<div class=\"elementor-spacer-inner\"><\/div>\n\t\t<\/div>\n\t\t\t\t\t\t<\/div>\n\t\t\t\t<\/div>\n\t\t\t\t<div class=\"elementor-element elementor-element-a695db9 elementor-widget elementor-widget-heading\" data-id=\"a695db9\" data-element_type=\"widget\" data-widget_type=\"heading.default\">\n\t\t\t\t<div class=\"elementor-widget-container\">\n\t\t\t\t\t<h2 class=\"elementor-heading-title elementor-size-default\">Piso de Madeira<\/h2>\t\t\t\t<\/div>\n\t\t\t\t<\/div>\n\t\t\t\t<div class=\"elementor-element elementor-element-44379cc gallery-spacing-custom elementor-widget elementor-widget-image-gallery\" data-id=\"44379cc\" data-element_type=\"widget\" data-widget_type=\"image-gallery.default\">\n\t\t\t\t<div class=\"elementor-widget-container\">\n\t\t\t\t\t\t\t<div class=\"elementor-image-gallery\">\n\t\t\t<div id='gallery-1' class='gallery galleryid-233 gallery-columns-6 gallery-size-thumbnail'><figure class='gallery-item'>\n\t\t\t<div class='gallery-icon portrait'>\n\t\t\t\t<a data-elementor-open-lightbox=\"yes\" data-elementor-lightbox-slideshow=\"44379cc\" data-elementor-lightbox-title=\"Piso de madeira tacao cumaru\" data-elementor-lightbox-description=\"PISO DE MADEIRA\" data-e-action-hash=\"#elementor-action%3Aaction%3Dlightbox%26settings%3DeyJpZCI6MjAyLCJ1cmwiOiJodHRwczpcL1wvYXNzb2FsaG9zc2FvcGF1bG8uY29tLmJyXC93cC1jb250ZW50XC91cGxvYWRzXC8yMDIxXC8xMlwvUGlzby1kZS1tYWRlaXJhLXRhY2FvLWN1bWFydS5qcGciLCJzbGlkZXNob3ciOiI0NDM3OWNjIn0%3D\" href='https:\/\/assoalhossaopaulo.com.br\/wp-content\/uploads\/2021\/12\/Piso-de-madeira-tacao-cumaru.jpg'><img decoding=\"async\" width=\"150\" height=\"150\" src=\"https:\/\/assoalhossaopaulo.com.br\/wp-content\/uploads\/2021\/12\/Piso-de-madeira-tacao-cumaru-150x150.jpg\" class=\"attachment-thumbnail size-thumbnail\" alt=\"\" srcset=\"https:\/\/assoalhossaopaulo.com.br\/wp-content\/uploads\/2021\/12\/Piso-de-madeira-tacao-cumaru-150x150.jpg 150w, https:\/\/assoalhossaopaulo.com.br\/wp-content\/uploads\/2021\/12\/elementor\/thumbs\/Piso-de-madeira-tacao-cumaru-pia9kd86nqx81qvawqu4y12m7f9wm0a7l2lvdzfirc.jpg 300w, https:\/\/assoalhossaopaulo.com.br\/wp-content\/uploads\/2021\/12\/elementor\/thumbs\/Piso-de-madeira-tacao-cumaru-pia9kd879obfuqy6479q02hsq3dpxvw2iywgfuwgj0.jpg 350w, https:\/\/assoalhossaopaulo.com.br\/wp-content\/uploads\/2021\/12\/elementor\/thumbs\/Piso-de-madeira-tacao-cumaru-150x150.jpg 600w\" sizes=\"(max-width: 150px) 100vw, 150px\" \/><\/a>\n\t\t\t<\/div><\/figure><figure class='gallery-item'>\n\t\t\t<div class='gallery-icon landscape'>\n\t\t\t\t<a data-elementor-open-lightbox=\"yes\" data-elementor-lightbox-slideshow=\"44379cc\" data-elementor-lightbox-title=\"Degraus em madeira cumaru\" data-elementor-lightbox-description=\"PISO DE MADEIRA\" data-e-action-hash=\"#elementor-action%3Aaction%3Dlightbox%26settings%3DeyJpZCI6MjA5LCJ1cmwiOiJodHRwczpcL1wvYXNzb2FsaG9zc2FvcGF1bG8uY29tLmJyXC93cC1jb250ZW50XC91cGxvYWRzXC8yMDIyXC8wMVwvRGVncmF1cy1lbS1tYWRlaXJhLWN1bWFydS5qcGciLCJzbGlkZXNob3ciOiI0NDM3OWNjIn0%3D\" href='https:\/\/assoalhossaopaulo.com.br\/wp-content\/uploads\/2022\/01\/Degraus-em-madeira-cumaru.jpg'><img decoding=\"async\" width=\"150\" height=\"150\" src=\"https:\/\/assoalhossaopaulo.com.br\/wp-content\/uploads\/2022\/01\/Degraus-em-madeira-cumaru-150x150.jpg\" class=\"attachment-thumbnail size-thumbnail\" alt=\"\" \/><\/a>\n\t\t\t<\/div><\/figure><figure class='gallery-item'>\n\t\t\t<div class='gallery-icon landscape'>\n\t\t\t\t<a data-elementor-open-lightbox=\"yes\" data-elementor-lightbox-slideshow=\"44379cc\" data-elementor-lightbox-title=\"Escada com maeira cumaru\" data-elementor-lightbox-description=\"PISO DE MADEIRA\" data-e-action-hash=\"#elementor-action%3Aaction%3Dlightbox%26settings%3DeyJpZCI6MjEwLCJ1cmwiOiJodHRwczpcL1wvYXNzb2FsaG9zc2FvcGF1bG8uY29tLmJyXC93cC1jb250ZW50XC91cGxvYWRzXC8yMDIyXC8wMVwvRXNjYWRhLWNvbS1tYWVpcmEtY3VtYXJ1LmpwZyIsInNsaWRlc2hvdyI6IjQ0Mzc5Y2MifQ%3D%3D\" href='https:\/\/assoalhossaopaulo.com.br\/wp-content\/uploads\/2022\/01\/Escada-com-maeira-cumaru.jpg'><img decoding=\"async\" width=\"150\" height=\"150\" src=\"https:\/\/assoalhossaopaulo.com.br\/wp-content\/uploads\/2022\/01\/Escada-com-maeira-cumaru-150x150.jpg\" class=\"attachment-thumbnail size-thumbnail\" alt=\"\" \/><\/a>\n\t\t\t<\/div><\/figure><figure class='gallery-item'>\n\t\t\t<div class='gallery-icon landscape'>\n\t\t\t\t<a data-elementor-open-lightbox=\"yes\" data-elementor-lightbox-slideshow=\"44379cc\" data-elementor-lightbox-title=\"Madeira cumaru para escada\" data-elementor-lightbox-description=\"PISO DE MADEIRA\" data-e-action-hash=\"#elementor-action%3Aaction%3Dlightbox%26settings%3DeyJpZCI6MjExLCJ1cmwiOiJodHRwczpcL1wvYXNzb2FsaG9zc2FvcGF1bG8uY29tLmJyXC93cC1jb250ZW50XC91cGxvYWRzXC8yMDIyXC8wMVwvTWFkZWlyYS1jdW1hcnUtcGFyYS1lc2NhZGEuanBnIiwic2xpZGVzaG93IjoiNDQzNzljYyJ9\" href='https:\/\/assoalhossaopaulo.com.br\/wp-content\/uploads\/2022\/01\/Madeira-cumaru-para-escada.jpg'><img loading=\"lazy\" decoding=\"async\" width=\"150\" height=\"150\" src=\"https:\/\/assoalhossaopaulo.com.br\/wp-content\/uploads\/2022\/01\/Madeira-cumaru-para-escada-150x150.jpg\" class=\"attachment-thumbnail size-thumbnail\" alt=\"\" \/><\/a>\n\t\t\t<\/div><\/figure><figure class='gallery-item'>\n\t\t\t<div class='gallery-icon portrait'>\n\t\t\t\t<a data-elementor-open-lightbox=\"yes\" data-elementor-lightbox-slideshow=\"44379cc\" data-elementor-lightbox-title=\"Piso em madeira\" data-elementor-lightbox-description=\"PISO DE MADEIRA\" data-e-action-hash=\"#elementor-action%3Aaction%3Dlightbox%26settings%3DeyJpZCI6Mjg2LCJ1cmwiOiJodHRwczpcL1wvYXNzb2FsaG9zc2FvcGF1bG8uY29tLmJyXC93cC1jb250ZW50XC91cGxvYWRzXC8yMDIyXC8wMVwvUGlzby1lbS1tYWRlaXJhLXNjYWxlZC5qcGciLCJzbGlkZXNob3ciOiI0NDM3OWNjIn0%3D\" href='https:\/\/assoalhossaopaulo.com.br\/wp-content\/uploads\/2022\/01\/Piso-em-madeira-scaled.jpg'><img loading=\"lazy\" decoding=\"async\" width=\"150\" height=\"150\" src=\"https:\/\/assoalhossaopaulo.com.br\/wp-content\/uploads\/2022\/01\/Piso-em-madeira-150x150.jpg\" class=\"attachment-thumbnail size-thumbnail\" alt=\"\" \/><\/a>\n\t\t\t<\/div><\/figure><figure class='gallery-item'>\n\t\t\t<div class='gallery-icon landscape'>\n\t\t\t\t<a data-elementor-open-lightbox=\"yes\" data-elementor-lightbox-slideshow=\"44379cc\" data-elementor-lightbox-title=\"TACO-DE-GRAPIA-7X42\" data-elementor-lightbox-description=\"PISO DE MADEIRA\" data-e-action-hash=\"#elementor-action%3Aaction%3Dlightbox%26settings%3DeyJpZCI6Mjg3LCJ1cmwiOiJodHRwczpcL1wvYXNzb2FsaG9zc2FvcGF1bG8uY29tLmJyXC93cC1jb250ZW50XC91cGxvYWRzXC8yMDIyXC8wMVwvVEFDTy1ERS1HUkFQSUEtN1g0Mi5qcGciLCJzbGlkZXNob3ciOiI0NDM3OWNjIn0%3D\" href='https:\/\/assoalhossaopaulo.com.br\/wp-content\/uploads\/2022\/01\/TACO-DE-GRAPIA-7X42.jpg'><img loading=\"lazy\" decoding=\"async\" width=\"150\" height=\"150\" src=\"https:\/\/assoalhossaopaulo.com.br\/wp-content\/uploads\/2022\/01\/TACO-DE-GRAPIA-7X42-150x150.jpg\" class=\"attachment-thumbnail size-thumbnail\" alt=\"\" \/><\/a>\n\t\t\t<\/div><\/figure>\n\t\t<\/div>\n\t\t<\/div>\n\t\t\t\t\t\t<\/div>\n\t\t\t\t<\/div>\n\t\t\t\t\t<\/div>\n\t\t<\/div>\n\t\t\t\t\t<\/div>\n\t\t<\/section>\n\t\t\t\t<section class=\"elementor-section elementor-top-section elementor-element elementor-element-4498493 elementor-section-boxed elementor-section-height-default elementor-section-height-default\" data-id=\"4498493\" data-element_type=\"section\">\n\t\t\t\t\t\t<div class=\"elementor-container elementor-column-gap-default\">\n\t\t\t\t\t<div class=\"elementor-column elementor-col-50 elementor-top-column elementor-element elementor-element-cd27417\" data-id=\"cd27417\" data-element_type=\"column\">\n\t\t\t<div class=\"elementor-widget-wrap elementor-element-populated\">\n\t\t\t\t\t\t<div class=\"elementor-element elementor-element-f9a8f4e elementor-widget elementor-widget-text-editor\" data-id=\"f9a8f4e\" data-element_type=\"widget\" data-widget_type=\"text-editor.default\">\n\t\t\t\t<div class=\"elementor-widget-container\">\n\t\t\t\t\t\t\t\t\t<p>Os pisos de madeira s\u00e3o essenciais para dar o acabamento em uma obra, seja ela residencial ou empresarial, podendo ter caracter\u00edsticas \u00fanicas, sendo totalmente personalizados a gosto do cliente. Seu tamanho, cor, materiais utilizados na composi\u00e7\u00e3o e detalhes, podem variar totalmente, indo de acordo com as necessidades do ambiente, tudo para alcan\u00e7ar o resultado esperado, e para que tenha uma \u00f3tima durabilidade, considerando as exposi\u00e7\u00f5es que ele sofrer\u00e1 durante o tempo, e necessitando de um cuidado singular para manter seus atributos.<\/p><p>Ap\u00f3s a argamassa, ou massa corrida, ele \u00e9 aplicado sob o solo, podendo ser utilizado em ambientes internos, externos, no ch\u00e3o, paredes e diversos outros locais, confeccionado at\u00e9 com eleva\u00e7\u00e3o, em casos da aplica\u00e7\u00e3o em institui\u00e7\u00f5es que precisam desse espa\u00e7o entre o solo e o piso para passagem de fios, e afins. Seu uso dos pisos de madeira pode ser feito no mais diversos locais, tais como:<br \/>&#8211; Casa;<br \/>&#8211; Escrit\u00f3rios;<br \/>&#8211; Estabelecimentos;<br \/>&#8211; Halls;<br \/>&#8211; Sal\u00f5es de eventos;<br \/>&#8211; Casas de shows.<\/p><p>Os locais citados acima s\u00e3o apenas algumas das op\u00e7\u00f5es em que os pisos de madeira podem ser utilizados, dando ao design do local um ar mais tradicional e r\u00fastico, sendo um grande passo para iniciar a decora\u00e7\u00e3o do ambiente. S\u00e3o in\u00fameros os benef\u00edcios proporcionados por esse equipamento.<\/p><p>Para entender melhor sobre os pisos de madeira e quais as vantagens que eles podem oferecer em seu caso, voc\u00ea pode consultar uma empresa especializada, como a Assoalhos S\u00e3o Paulo. Ela \u00e9 uma empresa especializada na instala\u00e7\u00e3o de pisos e realiza\u00e7\u00e3o de servi\u00e7os relacionados, que atua no mercado h\u00e1 mais de 30 anos.<\/p>\t\t\t\t\t\t\t\t<\/div>\n\t\t\t\t<\/div>\n\t\t\t\t<div class=\"elementor-element elementor-element-0fc7f47 elementor-widget elementor-widget-spacer\" data-id=\"0fc7f47\" data-element_type=\"widget\" data-widget_type=\"spacer.default\">\n\t\t\t\t<div class=\"elementor-widget-container\">\n\t\t\t\t\t\t\t<div class=\"elementor-spacer\">\n\t\t\t<div class=\"elementor-spacer-inner\"><\/div>\n\t\t<\/div>\n\t\t\t\t\t\t<\/div>\n\t\t\t\t<\/div>\n\t\t\t\t\t<\/div>\n\t\t<\/div>\n\t\t\t\t<div class=\"elementor-column elementor-col-50 elementor-top-column elementor-element elementor-element-d5d20e4\" data-id=\"d5d20e4\" data-element_type=\"column\">\n\t\t\t<div class=\"elementor-widget-wrap elementor-element-populated\">\n\t\t\t\t\t\t<div class=\"elementor-element elementor-element-4cac3b2 elementor-widget elementor-widget-heading\" data-id=\"4cac3b2\" data-element_type=\"widget\" data-widget_type=\"heading.default\">\n\t\t\t\t<div class=\"elementor-widget-container\">\n\t\t\t\t\t<h2 class=\"elementor-heading-title elementor-size-default\">Solicite seu or\u00e7amento<\/h2>\t\t\t\t<\/div>\n\t\t\t\t<\/div>\n\t\t\t\t<div class=\"elementor-element elementor-element-cf52ccb elementor-widget elementor-widget-spacer\" data-id=\"cf52ccb\" data-element_type=\"widget\" data-widget_type=\"spacer.default\">\n\t\t\t\t<div class=\"elementor-widget-container\">\n\t\t\t\t\t\t\t<div class=\"elementor-spacer\">\n\t\t\t<div class=\"elementor-spacer-inner\"><\/div>\n\t\t<\/div>\n\t\t\t\t\t\t<\/div>\n\t\t\t\t<\/div>\n\t\t\t\t<div class=\"elementor-element elementor-element-15d9f25 elementor-button-align-stretch elementor-widget elementor-widget-form\" data-id=\"15d9f25\" data-element_type=\"widget\" data-settings=\"{&quot;step_next_label&quot;:&quot;Next&quot;,&quot;step_previous_label&quot;:&quot;Previous&quot;,&quot;button_width&quot;:&quot;100&quot;,&quot;step_type&quot;:&quot;number_text&quot;,&quot;step_icon_shape&quot;:&quot;circle&quot;}\" data-widget_type=\"form.default\">\n\t\t\t\t<div class=\"elementor-widget-container\">\n\t\t\t\t\t\t\t<form class=\"elementor-form\" method=\"post\" name=\"Or\u00e7amento\" aria-label=\"Or\u00e7amento\">\n\t\t\t<input type=\"hidden\" name=\"post_id\" value=\"233\"\/>\n\t\t\t<input type=\"hidden\" name=\"form_id\" value=\"15d9f25\"\/>\n\t\t\t<input type=\"hidden\" name=\"referer_title\" value=\"Pisos de madeira\" \/>\n\n\t\t\t\t\t\t\t<input type=\"hidden\" name=\"queried_id\" value=\"233\"\/>\n\t\t\t\n\t\t\t<div class=\"elementor-form-fields-wrapper elementor-labels-above\">\n\t\t\t\t\t\t\t\t<div class=\"elementor-field-type-text elementor-field-group elementor-column elementor-field-group-name elementor-col-100 elementor-field-required elementor-mark-required\">\n\t\t\t\t\t\t\t\t\t\t\t\t<label for=\"form-field-name\" class=\"elementor-field-label\">\n\t\t\t\t\t\t\t\tNome completo\t\t\t\t\t\t\t<\/label>\n\t\t\t\t\t\t\t\t\t\t\t\t\t\t<input size=\"1\" type=\"text\" name=\"form_fields[name]\" id=\"form-field-name\" class=\"elementor-field elementor-size-sm  elementor-field-textual\" placeholder=\"Nome completo\" required=\"required\">\n\t\t\t\t\t\t\t\t\t\t\t<\/div>\n\t\t\t\t\t\t\t\t<div class=\"elementor-field-type-email elementor-field-group elementor-column elementor-field-group-email elementor-col-100 elementor-field-required elementor-mark-required\">\n\t\t\t\t\t\t\t\t\t\t\t\t<label for=\"form-field-email\" class=\"elementor-field-label\">\n\t\t\t\t\t\t\t\tEmail\t\t\t\t\t\t\t<\/label>\n\t\t\t\t\t\t\t\t\t\t\t\t\t\t<input size=\"1\" type=\"email\" name=\"form_fields[email]\" id=\"form-field-email\" class=\"elementor-field elementor-size-sm  elementor-field-textual\" placeholder=\"Email\" required=\"required\">\n\t\t\t\t\t\t\t\t\t\t\t<\/div>\n\t\t\t\t\t\t\t\t<div class=\"elementor-field-type-tel elementor-field-group elementor-column elementor-field-group-field_25aa56e elementor-col-100 elementor-field-required elementor-mark-required\">\n\t\t\t\t\t\t\t\t\t\t\t\t<label for=\"form-field-field_25aa56e\" class=\"elementor-field-label\">\n\t\t\t\t\t\t\t\tTelefone\t\t\t\t\t\t\t<\/label>\n\t\t\t\t\t\t\t\t<input size=\"1\" type=\"tel\" name=\"form_fields[field_25aa56e]\" id=\"form-field-field_25aa56e\" class=\"elementor-field elementor-size-sm  elementor-field-textual\" placeholder=\"(11) 99999-0000\" required=\"required\" pattern=\"[0-9()#&amp;+*-=.]+\" title=\"Only numbers and phone characters (#, -, *, etc) are accepted.\">\n\n\t\t\t\t\t\t<\/div>\n\t\t\t\t\t\t\t\t<div class=\"elementor-field-type-textarea elementor-field-group elementor-column elementor-field-group-message elementor-col-100 elementor-field-required elementor-mark-required\">\n\t\t\t\t\t\t\t\t\t\t\t\t<label for=\"form-field-message\" class=\"elementor-field-label\">\n\t\t\t\t\t\t\t\tMensagem:\t\t\t\t\t\t\t<\/label>\n\t\t\t\t\t\t<textarea class=\"elementor-field-textual elementor-field  elementor-size-sm\" name=\"form_fields[message]\" id=\"form-field-message\" rows=\"4\" placeholder=\"Descreva com detalhes sua necessidade para enviarmos um or\u00e7amento.\" required=\"required\"><\/textarea>\t\t\t\t<\/div>\n\t\t\t\t\t\t\t\t<div class=\"elementor-field-group elementor-column elementor-field-type-submit elementor-col-100 e-form__buttons\">\n\t\t\t\t\t<button class=\"elementor-button elementor-size-sm\" type=\"submit\">\n\t\t\t\t\t\t<span class=\"elementor-button-content-wrapper\">\n\t\t\t\t\t\t\t\t\t\t\t\t\t\t\t\t\t\t\t\t\t\t<span class=\"elementor-button-text\">Enviar<\/span>\n\t\t\t\t\t\t\t\t\t\t\t\t\t<\/span>\n\t\t\t\t\t<\/button>\n\t\t\t\t<\/div>\n\t\t\t<\/div>\n\t\t<\/form>\n\t\t\t\t\t\t<\/div>\n\t\t\t\t<\/div>\n\t\t\t\t\t<\/div>\n\t\t<\/div>\n\t\t\t\t\t<\/div>\n\t\t<\/section>\n\t\t\t\t<\/div>\n\t\t","protected":false},"excerpt":{"rendered":"<p>Piso de Madeira Os pisos de madeira s\u00e3o essenciais para dar o acabamento em uma obra, seja ela residencial ou empresarial, podendo ter caracter\u00edsticas \u00fanicas, sendo totalmente personalizados a gosto do cliente. Seu tamanho, cor, materiais utilizados na composi\u00e7\u00e3o e detalhes, podem variar totalmente, indo de acordo com as necessidades do ambiente, tudo para alcan\u00e7ar [&hellip;]<\/p>\n","protected":false},"author":1,"featured_media":0,"parent":15,"menu_order":0,"comment_status":"closed","ping_status":"closed","template":"elementor_header_footer","meta":{"footnotes":""},"class_list":["post-233","page","type-page","status-publish","hentry"],"_links":{"self":[{"href":"https:\/\/assoalhossaopaulo.com.br\/index.php?rest_route=\/wp\/v2\/pages\/233","targetHints":{"allow":["GET"]}}],"collection":[{"href":"https:\/\/assoalhossaopaulo.com.br\/index.php?rest_route=\/wp\/v2\/pages"}],"about":[{"href":"https:\/\/assoalhossaopaulo.com.br\/index.php?rest_route=\/wp\/v2\/types\/page"}],"author":[{"embeddable":true,"href":"https:\/\/assoalhossaopaulo.com.br\/index.php?rest_route=\/wp\/v2\/users\/1"}],"replies":[{"embeddable":true,"href":"https:\/\/assoalhossaopaulo.com.br\/index.php?rest_route=%2Fwp%2Fv2%2Fcomments&post=233"}],"version-history":[{"count":13,"href":"https:\/\/assoalhossaopaulo.com.br\/index.php?rest_route=\/wp\/v2\/pages\/233\/revisions"}],"predecessor-version":[{"id":435,"href":"https:\/\/assoalhossaopaulo.com.br\/index.php?rest_route=\/wp\/v2\/pages\/233\/revisions\/435"}],"up":[{"embeddable":true,"href":"https:\/\/assoalhossaopaulo.com.br\/index.php?rest_route=\/wp\/v2\/pages\/15"}],"wp:attachment":[{"href":"https:\/\/assoalhossaopaulo.com.br\/index.php?rest_route=%2Fwp%2Fv2%2Fmedia&parent=233"}],"curies":[{"name":"wp","href":"https:\/\/api.w.org\/{rel}","templated":true}]}}