{"id":235,"date":"2022-01-03T13:58:55","date_gmt":"2022-01-03T16:58:55","guid":{"rendered":"https:\/\/assoalhossaopaulo.com.br\/?page_id=235"},"modified":"2025-09-11T10:12:06","modified_gmt":"2025-09-11T13:12:06","slug":"decks-de-madeira","status":"publish","type":"page","link":"https:\/\/assoalhossaopaulo.com.br\/?page_id=235","title":{"rendered":"Decks de madeira"},"content":{"rendered":"\t\t<div data-elementor-type=\"wp-page\" data-elementor-id=\"235\" class=\"elementor elementor-235\" data-elementor-post-type=\"page\">\n\t\t\t\t\t\t<section class=\"elementor-section elementor-top-section elementor-element elementor-element-8c4542a elementor-section-boxed elementor-section-height-default elementor-section-height-default\" data-id=\"8c4542a\" data-element_type=\"section\">\n\t\t\t\t\t\t<div class=\"elementor-container elementor-column-gap-default\">\n\t\t\t\t\t<div class=\"elementor-column elementor-col-100 elementor-top-column elementor-element elementor-element-d7ff1c7\" data-id=\"d7ff1c7\" data-element_type=\"column\">\n\t\t\t<div class=\"elementor-widget-wrap elementor-element-populated\">\n\t\t\t\t\t\t<div class=\"elementor-element elementor-element-0867aea elementor-widget elementor-widget-spacer\" data-id=\"0867aea\" data-element_type=\"widget\" data-widget_type=\"spacer.default\">\n\t\t\t\t<div class=\"elementor-widget-container\">\n\t\t\t\t\t\t\t<div class=\"elementor-spacer\">\n\t\t\t<div class=\"elementor-spacer-inner\"><\/div>\n\t\t<\/div>\n\t\t\t\t\t\t<\/div>\n\t\t\t\t<\/div>\n\t\t\t\t<div class=\"elementor-element elementor-element-69bb756 elementor-widget elementor-widget-heading\" data-id=\"69bb756\" data-element_type=\"widget\" data-widget_type=\"heading.default\">\n\t\t\t\t<div class=\"elementor-widget-container\">\n\t\t\t\t\t<h2 class=\"elementor-heading-title elementor-size-default\">Decks de Madeira<\/h2>\t\t\t\t<\/div>\n\t\t\t\t<\/div>\n\t\t\t\t<div class=\"elementor-element elementor-element-0e126c2 gallery-spacing-custom elementor-widget elementor-widget-image-gallery\" data-id=\"0e126c2\" data-element_type=\"widget\" data-widget_type=\"image-gallery.default\">\n\t\t\t\t<div class=\"elementor-widget-container\">\n\t\t\t\t\t\t\t<div class=\"elementor-image-gallery\">\n\t\t\t<div id='gallery-1' class='gallery galleryid-235 gallery-columns-6 gallery-size-thumbnail'><figure class='gallery-item'>\n\t\t\t<div class='gallery-icon landscape'>\n\t\t\t\t<a data-elementor-open-lightbox=\"yes\" data-elementor-lightbox-slideshow=\"0e126c2\" data-elementor-lightbox-title=\"deck-de-madeira-de-ipe\" data-e-action-hash=\"#elementor-action%3Aaction%3Dlightbox%26settings%3DeyJpZCI6MjAzLCJ1cmwiOiJodHRwczpcL1wvYXNzb2FsaG9zc2FvcGF1bG8uY29tLmJyXC93cC1jb250ZW50XC91cGxvYWRzXC8yMDIxXC8xMlwvZGVjay1kZS1tYWRlaXJhLWRlLWlwZS5qcGciLCJzbGlkZXNob3ciOiIwZTEyNmMyIn0%3D\" href='https:\/\/assoalhossaopaulo.com.br\/wp-content\/uploads\/2021\/12\/deck-de-madeira-de-ipe.jpg'><img decoding=\"async\" width=\"150\" height=\"150\" src=\"https:\/\/assoalhossaopaulo.com.br\/wp-content\/uploads\/2021\/12\/deck-de-madeira-de-ipe-150x150.jpg\" class=\"attachment-thumbnail size-thumbnail\" alt=\"\" srcset=\"https:\/\/assoalhossaopaulo.com.br\/wp-content\/uploads\/2021\/12\/deck-de-madeira-de-ipe-150x150.jpg 150w, https:\/\/assoalhossaopaulo.com.br\/wp-content\/uploads\/2021\/12\/elementor\/thumbs\/deck-de-madeira-de-ipe-pia9od1hpee3e32ekz021is53dl2bp554uf5tinhko.jpg 300w\" sizes=\"(max-width: 150px) 100vw, 150px\" \/><\/a>\n\t\t\t<\/div><\/figure><figure class='gallery-item'>\n\t\t\t<div class='gallery-icon landscape'>\n\t\t\t\t<a data-elementor-open-lightbox=\"yes\" data-elementor-lightbox-slideshow=\"0e126c2\" data-elementor-lightbox-title=\"Decke de madeira cumarau para piscina\" data-e-action-hash=\"#elementor-action%3Aaction%3Dlightbox%26settings%3DeyJpZCI6MjE1LCJ1cmwiOiJodHRwczpcL1wvYXNzb2FsaG9zc2FvcGF1bG8uY29tLmJyXC93cC1jb250ZW50XC91cGxvYWRzXC8yMDIyXC8wMVwvRGVja2UtZGUtbWFkZWlyYS1jdW1hcmF1LXBhcmEtcGlzY2luYS5wbmciLCJzbGlkZXNob3ciOiIwZTEyNmMyIn0%3D\" href='https:\/\/assoalhossaopaulo.com.br\/wp-content\/uploads\/2022\/01\/Decke-de-madeira-cumarau-para-piscina.png'><img decoding=\"async\" width=\"150\" height=\"150\" src=\"https:\/\/assoalhossaopaulo.com.br\/wp-content\/uploads\/2022\/01\/Decke-de-madeira-cumarau-para-piscina-150x150.png\" class=\"attachment-thumbnail size-thumbnail\" alt=\"\" \/><\/a>\n\t\t\t<\/div><\/figure><figure class='gallery-item'>\n\t\t\t<div class='gallery-icon landscape'>\n\t\t\t\t<a data-elementor-open-lightbox=\"yes\" data-elementor-lightbox-slideshow=\"0e126c2\" data-elementor-lightbox-title=\"Deke para varanda madeira cumaru\" data-e-action-hash=\"#elementor-action%3Aaction%3Dlightbox%26settings%3DeyJpZCI6MjE2LCJ1cmwiOiJodHRwczpcL1wvYXNzb2FsaG9zc2FvcGF1bG8uY29tLmJyXC93cC1jb250ZW50XC91cGxvYWRzXC8yMDIyXC8wMVwvRGVrZS1wYXJhLXZhcmFuZGEtbWFkZWlyYS1jdW1hcnUuanBnIiwic2xpZGVzaG93IjoiMGUxMjZjMiJ9\" href='https:\/\/assoalhossaopaulo.com.br\/wp-content\/uploads\/2022\/01\/Deke-para-varanda-madeira-cumaru.jpg'><img decoding=\"async\" width=\"150\" height=\"150\" src=\"https:\/\/assoalhossaopaulo.com.br\/wp-content\/uploads\/2022\/01\/Deke-para-varanda-madeira-cumaru-150x150.jpg\" class=\"attachment-thumbnail size-thumbnail\" alt=\"\" \/><\/a>\n\t\t\t<\/div><\/figure><figure class='gallery-item'>\n\t\t\t<div class='gallery-icon landscape'>\n\t\t\t\t<a data-elementor-open-lightbox=\"yes\" data-elementor-lightbox-slideshow=\"0e126c2\" data-elementor-lightbox-title=\"restauracao-de-deck-de-madeira-para-varanda\" data-e-action-hash=\"#elementor-action%3Aaction%3Dlightbox%26settings%3DeyJpZCI6MjE3LCJ1cmwiOiJodHRwczpcL1wvYXNzb2FsaG9zc2FvcGF1bG8uY29tLmJyXC93cC1jb250ZW50XC91cGxvYWRzXC8yMDIyXC8wMVwvcmVzdGF1cmFjYW8tZGUtZGVjay1kZS1tYWRlaXJhLXBhcmEtdmFyYW5kYS5qcGciLCJzbGlkZXNob3ciOiIwZTEyNmMyIn0%3D\" href='https:\/\/assoalhossaopaulo.com.br\/wp-content\/uploads\/2022\/01\/restauracao-de-deck-de-madeira-para-varanda.jpg'><img loading=\"lazy\" decoding=\"async\" width=\"150\" height=\"150\" src=\"https:\/\/assoalhossaopaulo.com.br\/wp-content\/uploads\/2022\/01\/restauracao-de-deck-de-madeira-para-varanda-150x150.jpg\" class=\"attachment-thumbnail size-thumbnail\" alt=\"\" \/><\/a>\n\t\t\t<\/div><\/figure><figure class='gallery-item'>\n\t\t\t<div class='gallery-icon landscape'>\n\t\t\t\t<a data-elementor-open-lightbox=\"yes\" data-elementor-lightbox-slideshow=\"0e126c2\" data-elementor-lightbox-title=\"deck-de-madeira-spa-jacuzzi\" data-e-action-hash=\"#elementor-action%3Aaction%3Dlightbox%26settings%3DeyJpZCI6MjE4LCJ1cmwiOiJodHRwczpcL1wvYXNzb2FsaG9zc2FvcGF1bG8uY29tLmJyXC93cC1jb250ZW50XC91cGxvYWRzXC8yMDIyXC8wMVwvZGVjay1kZS1tYWRlaXJhLXNwYS1qYWN1enppLmpwZyIsInNsaWRlc2hvdyI6IjBlMTI2YzIifQ%3D%3D\" href='https:\/\/assoalhossaopaulo.com.br\/wp-content\/uploads\/2022\/01\/deck-de-madeira-spa-jacuzzi.jpg'><img loading=\"lazy\" decoding=\"async\" width=\"150\" height=\"150\" src=\"https:\/\/assoalhossaopaulo.com.br\/wp-content\/uploads\/2022\/01\/deck-de-madeira-spa-jacuzzi-150x150.jpg\" class=\"attachment-thumbnail size-thumbnail\" alt=\"\" \/><\/a>\n\t\t\t<\/div><\/figure><figure class='gallery-item'>\n\t\t\t<div class='gallery-icon landscape'>\n\t\t\t\t<a data-elementor-open-lightbox=\"yes\" data-elementor-lightbox-slideshow=\"0e126c2\" data-elementor-lightbox-title=\"deck-de-cumaru-jardim\" data-e-action-hash=\"#elementor-action%3Aaction%3Dlightbox%26settings%3DeyJpZCI6MjE5LCJ1cmwiOiJodHRwczpcL1wvYXNzb2FsaG9zc2FvcGF1bG8uY29tLmJyXC93cC1jb250ZW50XC91cGxvYWRzXC8yMDIyXC8wMVwvZGVjay1kZS1jdW1hcnUtamFyZGltLmpwZyIsInNsaWRlc2hvdyI6IjBlMTI2YzIifQ%3D%3D\" href='https:\/\/assoalhossaopaulo.com.br\/wp-content\/uploads\/2022\/01\/deck-de-cumaru-jardim.jpg'><img loading=\"lazy\" decoding=\"async\" width=\"150\" height=\"150\" src=\"https:\/\/assoalhossaopaulo.com.br\/wp-content\/uploads\/2022\/01\/deck-de-cumaru-jardim-150x150.jpg\" class=\"attachment-thumbnail size-thumbnail\" alt=\"\" \/><\/a>\n\t\t\t<\/div><\/figure>\n\t\t<\/div>\n\t\t<\/div>\n\t\t\t\t\t\t<\/div>\n\t\t\t\t<\/div>\n\t\t\t\t\t<\/div>\n\t\t<\/div>\n\t\t\t\t\t<\/div>\n\t\t<\/section>\n\t\t\t\t<section class=\"elementor-section elementor-top-section elementor-element elementor-element-dfc2079 elementor-section-boxed elementor-section-height-default elementor-section-height-default\" data-id=\"dfc2079\" data-element_type=\"section\">\n\t\t\t\t\t\t<div class=\"elementor-container elementor-column-gap-default\">\n\t\t\t\t\t<div class=\"elementor-column elementor-col-50 elementor-top-column elementor-element elementor-element-bdecf6f\" data-id=\"bdecf6f\" data-element_type=\"column\">\n\t\t\t<div class=\"elementor-widget-wrap elementor-element-populated\">\n\t\t\t\t\t\t<div class=\"elementor-element elementor-element-feec213 elementor-widget elementor-widget-text-editor\" data-id=\"feec213\" data-element_type=\"widget\" data-widget_type=\"text-editor.default\">\n\t\t\t\t<div class=\"elementor-widget-container\">\n\t\t\t\t\t\t\t\t\t<p>Os decks de madeira s\u00e3o \u00f3timas op\u00e7\u00f5es para dar acabamento para diversos ambientes, sendo aplicados no ch\u00e3o. Esse produto pode ter in\u00fameras varia\u00e7\u00f5es em suas caracter\u00edsticas, como tamanho e espessura, fazendo com que ele possa se adequar aos gostos e necessidades dos mais diferentes p\u00fablicos, seja para uso na parte interna ou externa de um ambiente.<\/p><p>Sua aplica\u00e7\u00e3o consiste em fazer uma an\u00e1lise do local onde ser\u00e1 inserido, verificando o tamanho do local, se h\u00e1 ou n\u00e3o escadas e a exposi\u00e7\u00e3o que os decks de madeira ir\u00e3o sofrer. Isso ser\u00e1 compilado com as informa\u00e7\u00f5es do cliente, como qual a apar\u00eancia que ele gostaria de dar ao local, quais as op\u00e7\u00f5es desse produto que mais o agradam, qual a cor mais conveniente, entre outros pontos. A partir dessa etapa, a aplica\u00e7\u00e3o \u00e9 iniciada. Considerando que esse material \u00e9 bem espec\u00edfico, \u00e9 essencial que sua inser\u00e7\u00e3o seja feita por um profissional especializado, para evitar qualquer tipo de imprevisto que possa colocar em risco a qualidade dos materiais utilizados.<\/p><p>Ainda \u00e9 importante ressaltar que esse tipo de revestimento pode colaborar com o aspecto est\u00e9tico de qualquer ambiente. S\u00e3o in\u00fameros os locais onde os decks de madeira podem ser inseridos, tais como:<br \/>&#8211; Salas de estar;<br \/>&#8211; Espa\u00e7o de piscinas;<br \/>&#8211; Jardins de inverno;<br \/>&#8211; Salas de descompress\u00e3o.<\/p><p>Para entender os benef\u00edcios que os decks de madeira proporcionam, voc\u00ea pode consultar os profissionais da Assoalhos S\u00e3o Paulo, uma empresa especializada no segmento, que atua na \u00e1rea h\u00e1 mais de 30 anos, ajudando clientes de toda a Grande S\u00e3o Paulo.<\/p>\t\t\t\t\t\t\t\t<\/div>\n\t\t\t\t<\/div>\n\t\t\t\t<div class=\"elementor-element elementor-element-da560d3 elementor-widget elementor-widget-spacer\" data-id=\"da560d3\" data-element_type=\"widget\" data-widget_type=\"spacer.default\">\n\t\t\t\t<div class=\"elementor-widget-container\">\n\t\t\t\t\t\t\t<div class=\"elementor-spacer\">\n\t\t\t<div class=\"elementor-spacer-inner\"><\/div>\n\t\t<\/div>\n\t\t\t\t\t\t<\/div>\n\t\t\t\t<\/div>\n\t\t\t\t\t<\/div>\n\t\t<\/div>\n\t\t\t\t<div class=\"elementor-column elementor-col-50 elementor-top-column elementor-element elementor-element-c4703dc\" data-id=\"c4703dc\" data-element_type=\"column\">\n\t\t\t<div class=\"elementor-widget-wrap elementor-element-populated\">\n\t\t\t\t\t\t<div class=\"elementor-element elementor-element-7addf4c elementor-widget elementor-widget-heading\" data-id=\"7addf4c\" data-element_type=\"widget\" data-widget_type=\"heading.default\">\n\t\t\t\t<div class=\"elementor-widget-container\">\n\t\t\t\t\t<h2 class=\"elementor-heading-title elementor-size-default\">Solicite seu or\u00e7amento<\/h2>\t\t\t\t<\/div>\n\t\t\t\t<\/div>\n\t\t\t\t<div class=\"elementor-element elementor-element-2e7a86f elementor-widget elementor-widget-spacer\" data-id=\"2e7a86f\" data-element_type=\"widget\" data-widget_type=\"spacer.default\">\n\t\t\t\t<div class=\"elementor-widget-container\">\n\t\t\t\t\t\t\t<div class=\"elementor-spacer\">\n\t\t\t<div class=\"elementor-spacer-inner\"><\/div>\n\t\t<\/div>\n\t\t\t\t\t\t<\/div>\n\t\t\t\t<\/div>\n\t\t\t\t<div class=\"elementor-element elementor-element-74e820f elementor-button-align-stretch elementor-widget elementor-widget-form\" data-id=\"74e820f\" data-element_type=\"widget\" data-settings=\"{&quot;step_next_label&quot;:&quot;Next&quot;,&quot;step_previous_label&quot;:&quot;Previous&quot;,&quot;button_width&quot;:&quot;100&quot;,&quot;step_type&quot;:&quot;number_text&quot;,&quot;step_icon_shape&quot;:&quot;circle&quot;}\" data-widget_type=\"form.default\">\n\t\t\t\t<div class=\"elementor-widget-container\">\n\t\t\t\t\t\t\t<form class=\"elementor-form\" method=\"post\" name=\"Or\u00e7amento\" aria-label=\"Or\u00e7amento\">\n\t\t\t<input type=\"hidden\" name=\"post_id\" value=\"235\"\/>\n\t\t\t<input type=\"hidden\" name=\"form_id\" value=\"74e820f\"\/>\n\t\t\t<input type=\"hidden\" name=\"referer_title\" value=\"Decks de madeira\" \/>\n\n\t\t\t\t\t\t\t<input type=\"hidden\" name=\"queried_id\" value=\"235\"\/>\n\t\t\t\n\t\t\t<div class=\"elementor-form-fields-wrapper elementor-labels-above\">\n\t\t\t\t\t\t\t\t<div class=\"elementor-field-type-text elementor-field-group elementor-column elementor-field-group-name elementor-col-100 elementor-field-required elementor-mark-required\">\n\t\t\t\t\t\t\t\t\t\t\t\t<label for=\"form-field-name\" class=\"elementor-field-label\">\n\t\t\t\t\t\t\t\tNome completo\t\t\t\t\t\t\t<\/label>\n\t\t\t\t\t\t\t\t\t\t\t\t\t\t<input size=\"1\" type=\"text\" name=\"form_fields[name]\" id=\"form-field-name\" class=\"elementor-field elementor-size-sm  elementor-field-textual\" placeholder=\"Nome completo\" required=\"required\">\n\t\t\t\t\t\t\t\t\t\t\t<\/div>\n\t\t\t\t\t\t\t\t<div class=\"elementor-field-type-email elementor-field-group elementor-column elementor-field-group-email elementor-col-100 elementor-field-required elementor-mark-required\">\n\t\t\t\t\t\t\t\t\t\t\t\t<label for=\"form-field-email\" class=\"elementor-field-label\">\n\t\t\t\t\t\t\t\tEmail\t\t\t\t\t\t\t<\/label>\n\t\t\t\t\t\t\t\t\t\t\t\t\t\t<input size=\"1\" type=\"email\" name=\"form_fields[email]\" id=\"form-field-email\" class=\"elementor-field elementor-size-sm  elementor-field-textual\" placeholder=\"Email\" required=\"required\">\n\t\t\t\t\t\t\t\t\t\t\t<\/div>\n\t\t\t\t\t\t\t\t<div class=\"elementor-field-type-tel elementor-field-group elementor-column elementor-field-group-field_25aa56e elementor-col-100 elementor-field-required elementor-mark-required\">\n\t\t\t\t\t\t\t\t\t\t\t\t<label for=\"form-field-field_25aa56e\" class=\"elementor-field-label\">\n\t\t\t\t\t\t\t\tTelefone\t\t\t\t\t\t\t<\/label>\n\t\t\t\t\t\t\t\t<input size=\"1\" type=\"tel\" name=\"form_fields[field_25aa56e]\" id=\"form-field-field_25aa56e\" class=\"elementor-field elementor-size-sm  elementor-field-textual\" placeholder=\"(11) 99999-0000\" required=\"required\" pattern=\"[0-9()#&amp;+*-=.]+\" title=\"Only numbers and phone characters (#, -, *, etc) are accepted.\">\n\n\t\t\t\t\t\t<\/div>\n\t\t\t\t\t\t\t\t<div class=\"elementor-field-type-textarea elementor-field-group elementor-column elementor-field-group-message elementor-col-100 elementor-field-required elementor-mark-required\">\n\t\t\t\t\t\t\t\t\t\t\t\t<label for=\"form-field-message\" class=\"elementor-field-label\">\n\t\t\t\t\t\t\t\tMensagem:\t\t\t\t\t\t\t<\/label>\n\t\t\t\t\t\t<textarea class=\"elementor-field-textual elementor-field  elementor-size-sm\" name=\"form_fields[message]\" id=\"form-field-message\" rows=\"4\" placeholder=\"Descreva com detalhes sua necessidade para enviarmos um or\u00e7amento.\" required=\"required\"><\/textarea>\t\t\t\t<\/div>\n\t\t\t\t\t\t\t\t<div class=\"elementor-field-group elementor-column elementor-field-type-submit elementor-col-100 e-form__buttons\">\n\t\t\t\t\t<button class=\"elementor-button elementor-size-sm\" type=\"submit\">\n\t\t\t\t\t\t<span class=\"elementor-button-content-wrapper\">\n\t\t\t\t\t\t\t\t\t\t\t\t\t\t\t\t\t\t\t\t\t\t<span class=\"elementor-button-text\">Enviar<\/span>\n\t\t\t\t\t\t\t\t\t\t\t\t\t<\/span>\n\t\t\t\t\t<\/button>\n\t\t\t\t<\/div>\n\t\t\t<\/div>\n\t\t<\/form>\n\t\t\t\t\t\t<\/div>\n\t\t\t\t<\/div>\n\t\t\t\t\t<\/div>\n\t\t<\/div>\n\t\t\t\t\t<\/div>\n\t\t<\/section>\n\t\t\t\t<\/div>\n\t\t","protected":false},"excerpt":{"rendered":"<p>Decks de Madeira Os decks de madeira s\u00e3o \u00f3timas op\u00e7\u00f5es para dar acabamento para diversos ambientes, sendo aplicados no ch\u00e3o. Esse produto pode ter in\u00fameras varia\u00e7\u00f5es em suas caracter\u00edsticas, como tamanho e espessura, fazendo com que ele possa se adequar aos gostos e necessidades dos mais diferentes p\u00fablicos, seja para uso na parte interna ou [&hellip;]<\/p>\n","protected":false},"author":1,"featured_media":0,"parent":15,"menu_order":0,"comment_status":"closed","ping_status":"closed","template":"elementor_header_footer","meta":{"footnotes":""},"class_list":["post-235","page","type-page","status-publish","hentry"],"_links":{"self":[{"href":"https:\/\/assoalhossaopaulo.com.br\/index.php?rest_route=\/wp\/v2\/pages\/235","targetHints":{"allow":["GET"]}}],"collection":[{"href":"https:\/\/assoalhossaopaulo.com.br\/index.php?rest_route=\/wp\/v2\/pages"}],"about":[{"href":"https:\/\/assoalhossaopaulo.com.br\/index.php?rest_route=\/wp\/v2\/types\/page"}],"author":[{"embeddable":true,"href":"https:\/\/assoalhossaopaulo.com.br\/index.php?rest_route=\/wp\/v2\/users\/1"}],"replies":[{"embeddable":true,"href":"https:\/\/assoalhossaopaulo.com.br\/index.php?rest_route=%2Fwp%2Fv2%2Fcomments&post=235"}],"version-history":[{"count":7,"href":"https:\/\/assoalhossaopaulo.com.br\/index.php?rest_route=\/wp\/v2\/pages\/235\/revisions"}],"predecessor-version":[{"id":429,"href":"https:\/\/assoalhossaopaulo.com.br\/index.php?rest_route=\/wp\/v2\/pages\/235\/revisions\/429"}],"up":[{"embeddable":true,"href":"https:\/\/assoalhossaopaulo.com.br\/index.php?rest_route=\/wp\/v2\/pages\/15"}],"wp:attachment":[{"href":"https:\/\/assoalhossaopaulo.com.br\/index.php?rest_route=%2Fwp%2Fv2%2Fmedia&parent=235"}],"curies":[{"name":"wp","href":"https:\/\/api.w.org\/{rel}","templated":true}]}}