{"id":237,"date":"2022-01-03T13:59:21","date_gmt":"2022-01-03T16:59:21","guid":{"rendered":"https:\/\/assoalhossaopaulo.com.br\/?page_id=237"},"modified":"2025-09-11T10:12:22","modified_gmt":"2025-09-11T13:12:22","slug":"pergolados","status":"publish","type":"page","link":"https:\/\/assoalhossaopaulo.com.br\/?page_id=237","title":{"rendered":"Pergolados"},"content":{"rendered":"\t\t<div data-elementor-type=\"wp-page\" data-elementor-id=\"237\" class=\"elementor elementor-237\" data-elementor-post-type=\"page\">\n\t\t\t\t\t\t<section class=\"elementor-section elementor-top-section elementor-element elementor-element-00de51a elementor-section-boxed elementor-section-height-default elementor-section-height-default\" data-id=\"00de51a\" data-element_type=\"section\">\n\t\t\t\t\t\t<div class=\"elementor-container elementor-column-gap-default\">\n\t\t\t\t\t<div class=\"elementor-column elementor-col-100 elementor-top-column elementor-element elementor-element-72e616e\" data-id=\"72e616e\" data-element_type=\"column\">\n\t\t\t<div class=\"elementor-widget-wrap elementor-element-populated\">\n\t\t\t\t\t\t<div class=\"elementor-element elementor-element-3afb169 elementor-widget elementor-widget-spacer\" data-id=\"3afb169\" data-element_type=\"widget\" data-widget_type=\"spacer.default\">\n\t\t\t\t<div class=\"elementor-widget-container\">\n\t\t\t\t\t\t\t<div class=\"elementor-spacer\">\n\t\t\t<div class=\"elementor-spacer-inner\"><\/div>\n\t\t<\/div>\n\t\t\t\t\t\t<\/div>\n\t\t\t\t<\/div>\n\t\t\t\t<div class=\"elementor-element elementor-element-0e1e6e8 elementor-widget elementor-widget-heading\" data-id=\"0e1e6e8\" data-element_type=\"widget\" data-widget_type=\"heading.default\">\n\t\t\t\t<div class=\"elementor-widget-container\">\n\t\t\t\t\t<h2 class=\"elementor-heading-title elementor-size-default\">Pergolados<\/h2>\t\t\t\t<\/div>\n\t\t\t\t<\/div>\n\t\t\t\t<div class=\"elementor-element elementor-element-d20e45d gallery-spacing-custom elementor-widget elementor-widget-image-gallery\" data-id=\"d20e45d\" data-element_type=\"widget\" data-widget_type=\"image-gallery.default\">\n\t\t\t\t<div class=\"elementor-widget-container\">\n\t\t\t\t\t\t\t<div class=\"elementor-image-gallery\">\n\t\t\t<div id='gallery-1' class='gallery galleryid-237 gallery-columns-6 gallery-size-thumbnail'><figure class='gallery-item'>\n\t\t\t<div class='gallery-icon landscape'>\n\t\t\t\t<a data-elementor-open-lightbox=\"yes\" data-elementor-lightbox-slideshow=\"d20e45d\" data-elementor-lightbox-title=\"Pergolado-de-madeira macica- cumaru-playground\" data-e-action-hash=\"#elementor-action%3Aaction%3Dlightbox%26settings%3DeyJpZCI6MjA0LCJ1cmwiOiJodHRwczpcL1wvYXNzb2FsaG9zc2FvcGF1bG8uY29tLmJyXC93cC1jb250ZW50XC91cGxvYWRzXC8yMDIxXC8xMlwvUGVyZ29sYWRvLWRlLW1hZGVpcmEtbWFjaWNhLWN1bWFydS1wbGF5Z3JvdW5kLmpwZyIsInNsaWRlc2hvdyI6ImQyMGU0NWQifQ%3D%3D\" href='https:\/\/assoalhossaopaulo.com.br\/wp-content\/uploads\/2021\/12\/Pergolado-de-madeira-macica-cumaru-playground.jpg'><img decoding=\"async\" width=\"150\" height=\"150\" src=\"https:\/\/assoalhossaopaulo.com.br\/wp-content\/uploads\/2021\/12\/Pergolado-de-madeira-macica-cumaru-playground-150x150.jpg\" class=\"attachment-thumbnail size-thumbnail\" alt=\"\" srcset=\"https:\/\/assoalhossaopaulo.com.br\/wp-content\/uploads\/2021\/12\/Pergolado-de-madeira-macica-cumaru-playground-150x150.jpg 150w, https:\/\/assoalhossaopaulo.com.br\/wp-content\/uploads\/2021\/12\/elementor\/thumbs\/Pergolado-de-madeira-macica-cumaru-playground-pia9q9npkb00xmaqgantljgsgi6uxlpjqa1luptqyg.jpg 300w\" sizes=\"(max-width: 150px) 100vw, 150px\" \/><\/a>\n\t\t\t<\/div><\/figure><figure class='gallery-item'>\n\t\t\t<div class='gallery-icon landscape'>\n\t\t\t\t<a data-elementor-open-lightbox=\"yes\" data-elementor-lightbox-slideshow=\"d20e45d\" data-elementor-lightbox-title=\"Pergolado com decke madeira cumaru\" data-e-action-hash=\"#elementor-action%3Aaction%3Dlightbox%26settings%3DeyJpZCI6MjIwLCJ1cmwiOiJodHRwczpcL1wvYXNzb2FsaG9zc2FvcGF1bG8uY29tLmJyXC93cC1jb250ZW50XC91cGxvYWRzXC8yMDIyXC8wMVwvUGVyZ29sYWRvLWNvbS1kZWNrZS1tYWRlaXJhLWN1bWFydS5qcGciLCJzbGlkZXNob3ciOiJkMjBlNDVkIn0%3D\" href='https:\/\/assoalhossaopaulo.com.br\/wp-content\/uploads\/2022\/01\/Pergolado-com-decke-madeira-cumaru.jpg'><img decoding=\"async\" width=\"150\" height=\"150\" src=\"https:\/\/assoalhossaopaulo.com.br\/wp-content\/uploads\/2022\/01\/Pergolado-com-decke-madeira-cumaru-150x150.jpg\" class=\"attachment-thumbnail size-thumbnail\" alt=\"\" srcset=\"https:\/\/assoalhossaopaulo.com.br\/wp-content\/uploads\/2022\/01\/Pergolado-com-decke-madeira-cumaru-150x150.jpg 150w, https:\/\/assoalhossaopaulo.com.br\/wp-content\/uploads\/2022\/01\/elementor\/thumbs\/Pergolado-com-decke-madeira-cumaru-pih89wgw1s7656rz4kyt8yu0l3kbj012tbjfrqbq2g.jpg 300w, https:\/\/assoalhossaopaulo.com.br\/wp-content\/uploads\/2022\/01\/Pergolado-com-decke-madeira-cumaru.jpg 723w\" sizes=\"(max-width: 150px) 100vw, 150px\" \/><\/a>\n\t\t\t<\/div><\/figure><figure class='gallery-item'>\n\t\t\t<div class='gallery-icon landscape'>\n\t\t\t\t<a data-elementor-open-lightbox=\"yes\" data-elementor-lightbox-slideshow=\"d20e45d\" data-elementor-lightbox-title=\"Pergolado-de-madeira-entrada\" data-e-action-hash=\"#elementor-action%3Aaction%3Dlightbox%26settings%3DeyJpZCI6MjIxLCJ1cmwiOiJodHRwczpcL1wvYXNzb2FsaG9zc2FvcGF1bG8uY29tLmJyXC93cC1jb250ZW50XC91cGxvYWRzXC8yMDIyXC8wMVwvUGVyZ29sYWRvLWRlLW1hZGVpcmEtZW50cmFkYS5qcGciLCJzbGlkZXNob3ciOiJkMjBlNDVkIn0%3D\" href='https:\/\/assoalhossaopaulo.com.br\/wp-content\/uploads\/2022\/01\/Pergolado-de-madeira-entrada.jpg'><img decoding=\"async\" width=\"150\" height=\"150\" src=\"https:\/\/assoalhossaopaulo.com.br\/wp-content\/uploads\/2022\/01\/Pergolado-de-madeira-entrada-150x150.jpg\" class=\"attachment-thumbnail size-thumbnail\" alt=\"\" \/><\/a>\n\t\t\t<\/div><\/figure><figure class='gallery-item'>\n\t\t\t<div class='gallery-icon landscape'>\n\t\t\t\t<a data-elementor-open-lightbox=\"yes\" data-elementor-lightbox-slideshow=\"d20e45d\" data-elementor-lightbox-title=\"Pergolado-de-madeira-macica-cumaru\" data-e-action-hash=\"#elementor-action%3Aaction%3Dlightbox%26settings%3DeyJpZCI6MjIyLCJ1cmwiOiJodHRwczpcL1wvYXNzb2FsaG9zc2FvcGF1bG8uY29tLmJyXC93cC1jb250ZW50XC91cGxvYWRzXC8yMDIyXC8wMVwvUGVyZ29sYWRvLWRlLW1hZGVpcmEtbWFjaWNhLWN1bWFydS5qcGciLCJzbGlkZXNob3ciOiJkMjBlNDVkIn0%3D\" href='https:\/\/assoalhossaopaulo.com.br\/wp-content\/uploads\/2022\/01\/Pergolado-de-madeira-macica-cumaru.jpg'><img loading=\"lazy\" decoding=\"async\" width=\"150\" height=\"150\" src=\"https:\/\/assoalhossaopaulo.com.br\/wp-content\/uploads\/2022\/01\/Pergolado-de-madeira-macica-cumaru-150x150.jpg\" class=\"attachment-thumbnail size-thumbnail\" alt=\"\" \/><\/a>\n\t\t\t<\/div><\/figure><figure class='gallery-item'>\n\t\t\t<div class='gallery-icon landscape'>\n\t\t\t\t<a data-elementor-open-lightbox=\"yes\" data-elementor-lightbox-slideshow=\"d20e45d\" data-elementor-lightbox-title=\"Pergolados-de-madeira-macica-trepadeira\" data-e-action-hash=\"#elementor-action%3Aaction%3Dlightbox%26settings%3DeyJpZCI6MjIzLCJ1cmwiOiJodHRwczpcL1wvYXNzb2FsaG9zc2FvcGF1bG8uY29tLmJyXC93cC1jb250ZW50XC91cGxvYWRzXC8yMDIyXC8wMVwvUGVyZ29sYWRvcy1kZS1tYWRlaXJhLW1hY2ljYS10cmVwYWRlaXJhLmpwZyIsInNsaWRlc2hvdyI6ImQyMGU0NWQifQ%3D%3D\" href='https:\/\/assoalhossaopaulo.com.br\/wp-content\/uploads\/2022\/01\/Pergolados-de-madeira-macica-trepadeira.jpg'><img loading=\"lazy\" decoding=\"async\" width=\"150\" height=\"150\" src=\"https:\/\/assoalhossaopaulo.com.br\/wp-content\/uploads\/2022\/01\/Pergolados-de-madeira-macica-trepadeira-150x150.jpg\" class=\"attachment-thumbnail size-thumbnail\" alt=\"\" \/><\/a>\n\t\t\t<\/div><\/figure><figure class='gallery-item'>\n\t\t\t<div class='gallery-icon landscape'>\n\t\t\t\t<a data-elementor-open-lightbox=\"yes\" data-elementor-lightbox-slideshow=\"d20e45d\" data-elementor-lightbox-title=\"Pergolados para varanda cem deck\" data-e-action-hash=\"#elementor-action%3Aaction%3Dlightbox%26settings%3DeyJpZCI6MjI0LCJ1cmwiOiJodHRwczpcL1wvYXNzb2FsaG9zc2FvcGF1bG8uY29tLmJyXC93cC1jb250ZW50XC91cGxvYWRzXC8yMDIyXC8wMVwvUGVyZ29sYWRvcy1wYXJhLXZhcmFuZGEtY2VtLWRlY2suanBnIiwic2xpZGVzaG93IjoiZDIwZTQ1ZCJ9\" href='https:\/\/assoalhossaopaulo.com.br\/wp-content\/uploads\/2022\/01\/Pergolados-para-varanda-cem-deck.jpg'><img loading=\"lazy\" decoding=\"async\" width=\"150\" height=\"150\" src=\"https:\/\/assoalhossaopaulo.com.br\/wp-content\/uploads\/2022\/01\/Pergolados-para-varanda-cem-deck-150x150.jpg\" class=\"attachment-thumbnail size-thumbnail\" alt=\"\" \/><\/a>\n\t\t\t<\/div><\/figure>\n\t\t<\/div>\n\t\t<\/div>\n\t\t\t\t\t\t<\/div>\n\t\t\t\t<\/div>\n\t\t\t\t\t<\/div>\n\t\t<\/div>\n\t\t\t\t\t<\/div>\n\t\t<\/section>\n\t\t\t\t<section class=\"elementor-section elementor-top-section elementor-element elementor-element-b4174e0 elementor-section-boxed elementor-section-height-default elementor-section-height-default\" data-id=\"b4174e0\" data-element_type=\"section\">\n\t\t\t\t\t\t<div class=\"elementor-container elementor-column-gap-default\">\n\t\t\t\t\t<div class=\"elementor-column elementor-col-50 elementor-top-column elementor-element elementor-element-2a8c8e8\" data-id=\"2a8c8e8\" data-element_type=\"column\">\n\t\t\t<div class=\"elementor-widget-wrap elementor-element-populated\">\n\t\t\t\t\t\t<div class=\"elementor-element elementor-element-e00032f elementor-widget elementor-widget-text-editor\" data-id=\"e00032f\" data-element_type=\"widget\" data-widget_type=\"text-editor.default\">\n\t\t\t\t<div class=\"elementor-widget-container\">\n\t\t\t\t\t\t\t\t\t<p>Os assoalhos de madeira s\u00e3o caracterizados como t\u00e1buas largas e longas, fabricadas com madeira maci\u00e7a. O item \u00e9 essencial para o piso de qualquer ambiente, uma vez que tem a capacidade de promover bem-estar, aconchego e sofistica\u00e7\u00e3o. Contar com bons assoalhos de madeira \u00e9 promover um ambiente mais agrad\u00e1vel para se viver, tendo em vista que alinham requinte e muita beleza.<\/p><p>Quando bem instalados, os assoalhos de madeira roubam o f\u00f4lego de quem passa pelo local, proporcionando muito mais qualidade ao ambiente. O assoalho pode ser fabricado em v\u00e1rios tipos de madeira, como o ip\u00ea, a madeira maci\u00e7a, o cumaru, madeira oriunda de demoli\u00e7\u00e3o, entre outras.<\/p><p>Com visual r\u00fastico e muito agrad\u00e1vel, os assoalhos de madeira ganham espa\u00e7o nos mais variados ambientes, como:<br \/>&#8211; Halls de entrada;<br \/>&#8211; Salas de estar;<br \/>&#8211; Corredores;<br \/>&#8211; Lavabos;<br \/>&#8211; Dormit\u00f3rios.<\/p><p>Na hora de instalar, basta ter um pouco de imagina\u00e7\u00e3o para adequar o assoalho nos ambientes mais variados. Al\u00e9m de ser muito belo e sofisticado, o assoalho feito em madeira promove vantagens sobressalentes, principalmente no que diz respeito \u00e0 durabilidade e sofistica\u00e7\u00e3o.<\/p><p>No entanto, \u00e9 importante cuidar do assoalho sempre, proporcionando limpeza e higieniza\u00e7\u00e3o correta. Para instalar o assoalho, basta entrar em contato com a Assoalhos S\u00e3o Paulo, empresa extremamente qualificada, com v\u00e1rios anos de expertise no mercado.<\/p><p>Os assoalhos de madeira s\u00e3o vendidos pela Assoalhos S\u00e3o Paulo desde 1986, empresa que faz quest\u00e3o de alinhar tradicionalismo e muita qualidade em todos os seus produtos. O atendimento \u00e9 voltado para todo o pa\u00eds. Entre em contato assim que puder.<\/p>\t\t\t\t\t\t\t\t<\/div>\n\t\t\t\t<\/div>\n\t\t\t\t<div class=\"elementor-element elementor-element-a78ce0d elementor-widget elementor-widget-spacer\" data-id=\"a78ce0d\" data-element_type=\"widget\" data-widget_type=\"spacer.default\">\n\t\t\t\t<div class=\"elementor-widget-container\">\n\t\t\t\t\t\t\t<div class=\"elementor-spacer\">\n\t\t\t<div class=\"elementor-spacer-inner\"><\/div>\n\t\t<\/div>\n\t\t\t\t\t\t<\/div>\n\t\t\t\t<\/div>\n\t\t\t\t\t<\/div>\n\t\t<\/div>\n\t\t\t\t<div class=\"elementor-column elementor-col-50 elementor-top-column elementor-element elementor-element-cb4b9b1\" data-id=\"cb4b9b1\" data-element_type=\"column\">\n\t\t\t<div class=\"elementor-widget-wrap elementor-element-populated\">\n\t\t\t\t\t\t<div class=\"elementor-element elementor-element-c90e894 elementor-widget elementor-widget-heading\" data-id=\"c90e894\" data-element_type=\"widget\" data-widget_type=\"heading.default\">\n\t\t\t\t<div class=\"elementor-widget-container\">\n\t\t\t\t\t<h2 class=\"elementor-heading-title elementor-size-default\">Solicite seu or\u00e7amento<\/h2>\t\t\t\t<\/div>\n\t\t\t\t<\/div>\n\t\t\t\t<div class=\"elementor-element elementor-element-2484d9b elementor-widget elementor-widget-spacer\" data-id=\"2484d9b\" data-element_type=\"widget\" data-widget_type=\"spacer.default\">\n\t\t\t\t<div class=\"elementor-widget-container\">\n\t\t\t\t\t\t\t<div class=\"elementor-spacer\">\n\t\t\t<div class=\"elementor-spacer-inner\"><\/div>\n\t\t<\/div>\n\t\t\t\t\t\t<\/div>\n\t\t\t\t<\/div>\n\t\t\t\t<div class=\"elementor-element elementor-element-30732da elementor-button-align-stretch elementor-widget elementor-widget-form\" data-id=\"30732da\" data-element_type=\"widget\" data-settings=\"{&quot;step_next_label&quot;:&quot;Next&quot;,&quot;step_previous_label&quot;:&quot;Previous&quot;,&quot;button_width&quot;:&quot;100&quot;,&quot;step_type&quot;:&quot;number_text&quot;,&quot;step_icon_shape&quot;:&quot;circle&quot;}\" data-widget_type=\"form.default\">\n\t\t\t\t<div class=\"elementor-widget-container\">\n\t\t\t\t\t\t\t<form class=\"elementor-form\" method=\"post\" name=\"Or\u00e7amento\" aria-label=\"Or\u00e7amento\">\n\t\t\t<input type=\"hidden\" name=\"post_id\" value=\"237\"\/>\n\t\t\t<input type=\"hidden\" name=\"form_id\" value=\"30732da\"\/>\n\t\t\t<input type=\"hidden\" name=\"referer_title\" value=\"Pergolados\" \/>\n\n\t\t\t\t\t\t\t<input type=\"hidden\" name=\"queried_id\" value=\"237\"\/>\n\t\t\t\n\t\t\t<div class=\"elementor-form-fields-wrapper elementor-labels-above\">\n\t\t\t\t\t\t\t\t<div class=\"elementor-field-type-text elementor-field-group elementor-column elementor-field-group-name elementor-col-100 elementor-field-required elementor-mark-required\">\n\t\t\t\t\t\t\t\t\t\t\t\t<label for=\"form-field-name\" class=\"elementor-field-label\">\n\t\t\t\t\t\t\t\tNome completo\t\t\t\t\t\t\t<\/label>\n\t\t\t\t\t\t\t\t\t\t\t\t\t\t<input size=\"1\" type=\"text\" name=\"form_fields[name]\" id=\"form-field-name\" class=\"elementor-field elementor-size-sm  elementor-field-textual\" placeholder=\"Nome completo\" required=\"required\">\n\t\t\t\t\t\t\t\t\t\t\t<\/div>\n\t\t\t\t\t\t\t\t<div class=\"elementor-field-type-email elementor-field-group elementor-column elementor-field-group-email elementor-col-100 elementor-field-required elementor-mark-required\">\n\t\t\t\t\t\t\t\t\t\t\t\t<label for=\"form-field-email\" class=\"elementor-field-label\">\n\t\t\t\t\t\t\t\tEmail\t\t\t\t\t\t\t<\/label>\n\t\t\t\t\t\t\t\t\t\t\t\t\t\t<input size=\"1\" type=\"email\" name=\"form_fields[email]\" id=\"form-field-email\" class=\"elementor-field elementor-size-sm  elementor-field-textual\" placeholder=\"Email\" required=\"required\">\n\t\t\t\t\t\t\t\t\t\t\t<\/div>\n\t\t\t\t\t\t\t\t<div class=\"elementor-field-type-tel elementor-field-group elementor-column elementor-field-group-field_25aa56e elementor-col-100 elementor-field-required elementor-mark-required\">\n\t\t\t\t\t\t\t\t\t\t\t\t<label for=\"form-field-field_25aa56e\" class=\"elementor-field-label\">\n\t\t\t\t\t\t\t\tTelefone\t\t\t\t\t\t\t<\/label>\n\t\t\t\t\t\t\t\t<input size=\"1\" type=\"tel\" name=\"form_fields[field_25aa56e]\" id=\"form-field-field_25aa56e\" class=\"elementor-field elementor-size-sm  elementor-field-textual\" placeholder=\"(11) 99999-0000\" required=\"required\" pattern=\"[0-9()#&amp;+*-=.]+\" title=\"Only numbers and phone characters (#, -, *, etc) are accepted.\">\n\n\t\t\t\t\t\t<\/div>\n\t\t\t\t\t\t\t\t<div class=\"elementor-field-type-textarea elementor-field-group elementor-column elementor-field-group-message elementor-col-100 elementor-field-required elementor-mark-required\">\n\t\t\t\t\t\t\t\t\t\t\t\t<label for=\"form-field-message\" class=\"elementor-field-label\">\n\t\t\t\t\t\t\t\tMensagem:\t\t\t\t\t\t\t<\/label>\n\t\t\t\t\t\t<textarea class=\"elementor-field-textual elementor-field  elementor-size-sm\" name=\"form_fields[message]\" id=\"form-field-message\" rows=\"4\" placeholder=\"Descreva com detalhes sua necessidade para enviarmos um or\u00e7amento.\" required=\"required\"><\/textarea>\t\t\t\t<\/div>\n\t\t\t\t\t\t\t\t<div class=\"elementor-field-group elementor-column elementor-field-type-submit elementor-col-100 e-form__buttons\">\n\t\t\t\t\t<button class=\"elementor-button elementor-size-sm\" type=\"submit\">\n\t\t\t\t\t\t<span class=\"elementor-button-content-wrapper\">\n\t\t\t\t\t\t\t\t\t\t\t\t\t\t\t\t\t\t\t\t\t\t<span class=\"elementor-button-text\">Enviar<\/span>\n\t\t\t\t\t\t\t\t\t\t\t\t\t<\/span>\n\t\t\t\t\t<\/button>\n\t\t\t\t<\/div>\n\t\t\t<\/div>\n\t\t<\/form>\n\t\t\t\t\t\t<\/div>\n\t\t\t\t<\/div>\n\t\t\t\t\t<\/div>\n\t\t<\/div>\n\t\t\t\t\t<\/div>\n\t\t<\/section>\n\t\t\t\t<\/div>\n\t\t","protected":false},"excerpt":{"rendered":"<p>Pergolados Os assoalhos de madeira s\u00e3o caracterizados como t\u00e1buas largas e longas, fabricadas com madeira maci\u00e7a. O item \u00e9 essencial para o piso de qualquer ambiente, uma vez que tem a capacidade de promover bem-estar, aconchego e sofistica\u00e7\u00e3o. Contar com bons assoalhos de madeira \u00e9 promover um ambiente mais agrad\u00e1vel para se viver, tendo em [&hellip;]<\/p>\n","protected":false},"author":1,"featured_media":0,"parent":15,"menu_order":0,"comment_status":"closed","ping_status":"closed","template":"elementor_header_footer","meta":{"footnotes":""},"class_list":["post-237","page","type-page","status-publish","hentry"],"_links":{"self":[{"href":"https:\/\/assoalhossaopaulo.com.br\/index.php?rest_route=\/wp\/v2\/pages\/237","targetHints":{"allow":["GET"]}}],"collection":[{"href":"https:\/\/assoalhossaopaulo.com.br\/index.php?rest_route=\/wp\/v2\/pages"}],"about":[{"href":"https:\/\/assoalhossaopaulo.com.br\/index.php?rest_route=\/wp\/v2\/types\/page"}],"author":[{"embeddable":true,"href":"https:\/\/assoalhossaopaulo.com.br\/index.php?rest_route=\/wp\/v2\/users\/1"}],"replies":[{"embeddable":true,"href":"https:\/\/assoalhossaopaulo.com.br\/index.php?rest_route=%2Fwp%2Fv2%2Fcomments&post=237"}],"version-history":[{"count":7,"href":"https:\/\/assoalhossaopaulo.com.br\/index.php?rest_route=\/wp\/v2\/pages\/237\/revisions"}],"predecessor-version":[{"id":432,"href":"https:\/\/assoalhossaopaulo.com.br\/index.php?rest_route=\/wp\/v2\/pages\/237\/revisions\/432"}],"up":[{"embeddable":true,"href":"https:\/\/assoalhossaopaulo.com.br\/index.php?rest_route=\/wp\/v2\/pages\/15"}],"wp:attachment":[{"href":"https:\/\/assoalhossaopaulo.com.br\/index.php?rest_route=%2Fwp%2Fv2%2Fmedia&parent=237"}],"curies":[{"name":"wp","href":"https:\/\/api.w.org\/{rel}","templated":true}]}}