{"id":98,"date":"2021-12-13T23:30:19","date_gmt":"2021-12-14T02:30:19","guid":{"rendered":"https:\/\/assoalhossaopaulo.com.br\/?page_id=98"},"modified":"2025-09-11T10:11:51","modified_gmt":"2025-09-11T13:11:51","slug":"assoalhos-de-madeira","status":"publish","type":"page","link":"https:\/\/assoalhossaopaulo.com.br\/?page_id=98","title":{"rendered":"Assoalhos de Madeira"},"content":{"rendered":"\t\t<div data-elementor-type=\"wp-page\" data-elementor-id=\"98\" class=\"elementor elementor-98\" data-elementor-post-type=\"page\">\n\t\t\t\t\t\t<section class=\"elementor-section elementor-top-section elementor-element elementor-element-ecc0409 elementor-section-boxed elementor-section-height-default elementor-section-height-default\" data-id=\"ecc0409\" data-element_type=\"section\">\n\t\t\t\t\t\t<div class=\"elementor-container elementor-column-gap-default\">\n\t\t\t\t\t<div class=\"elementor-column elementor-col-100 elementor-top-column elementor-element elementor-element-3ef0ee7\" data-id=\"3ef0ee7\" data-element_type=\"column\">\n\t\t\t<div class=\"elementor-widget-wrap elementor-element-populated\">\n\t\t\t\t\t\t<div class=\"elementor-element elementor-element-2a915e1 elementor-widget elementor-widget-spacer\" data-id=\"2a915e1\" data-element_type=\"widget\" data-widget_type=\"spacer.default\">\n\t\t\t\t<div class=\"elementor-widget-container\">\n\t\t\t\t\t\t\t<div class=\"elementor-spacer\">\n\t\t\t<div class=\"elementor-spacer-inner\"><\/div>\n\t\t<\/div>\n\t\t\t\t\t\t<\/div>\n\t\t\t\t<\/div>\n\t\t\t\t<div class=\"elementor-element elementor-element-9a38949 elementor-widget elementor-widget-heading\" data-id=\"9a38949\" data-element_type=\"widget\" data-widget_type=\"heading.default\">\n\t\t\t\t<div class=\"elementor-widget-container\">\n\t\t\t\t\t<h2 class=\"elementor-heading-title elementor-size-default\">Assoalhos de Madeira<\/h2>\t\t\t\t<\/div>\n\t\t\t\t<\/div>\n\t\t\t\t<div class=\"elementor-element elementor-element-37bc541 gallery-spacing-custom elementor-widget elementor-widget-image-gallery\" data-id=\"37bc541\" data-element_type=\"widget\" data-widget_type=\"image-gallery.default\">\n\t\t\t\t<div class=\"elementor-widget-container\">\n\t\t\t\t\t\t\t<div class=\"elementor-image-gallery\">\n\t\t\t<div id='gallery-1' class='gallery galleryid-98 gallery-columns-6 gallery-size-thumbnail'><figure class='gallery-item'>\n\t\t\t<div class='gallery-icon portrait'>\n\t\t\t\t<a data-elementor-open-lightbox=\"yes\" data-elementor-lightbox-slideshow=\"37bc541\" data-elementor-lightbox-title=\"Assoalho de madera\" data-elementor-lightbox-description=\"Assoalho de madera\" data-e-action-hash=\"#elementor-action%3Aaction%3Dlightbox%26settings%3DeyJpZCI6MjEzLCJ1cmwiOiJodHRwczpcL1wvYXNzb2FsaG9zc2FvcGF1bG8uY29tLmJyXC93cC1jb250ZW50XC91cGxvYWRzXC8yMDIyXC8wMVwvQXNzb2FsaG8tZGUtbWFkZXJhLmpwZyIsInNsaWRlc2hvdyI6IjM3YmM1NDEifQ%3D%3D\" href='https:\/\/assoalhossaopaulo.com.br\/wp-content\/uploads\/2022\/01\/Assoalho-de-madera.jpg'><img decoding=\"async\" width=\"150\" height=\"150\" src=\"https:\/\/assoalhossaopaulo.com.br\/wp-content\/uploads\/2022\/01\/Assoalho-de-madera-150x150.jpg\" class=\"attachment-thumbnail size-thumbnail\" alt=\"\" \/><\/a>\n\t\t\t<\/div><\/figure><figure class='gallery-item'>\n\t\t\t<div class='gallery-icon landscape'>\n\t\t\t\t<a data-elementor-open-lightbox=\"yes\" data-elementor-lightbox-slideshow=\"37bc541\" data-elementor-lightbox-title=\"Assoalho de madeira Ipe\" data-elementor-lightbox-description=\"Assoalho de madera\" data-e-action-hash=\"#elementor-action%3Aaction%3Dlightbox%26settings%3DeyJpZCI6MjAxLCJ1cmwiOiJodHRwczpcL1wvYXNzb2FsaG9zc2FvcGF1bG8uY29tLmJyXC93cC1jb250ZW50XC91cGxvYWRzXC8yMDIxXC8xMlwvQXNzb2FsaG8tZGUtbWFkZWlyYS1JcGUuanBnIiwic2xpZGVzaG93IjoiMzdiYzU0MSJ9\" href='https:\/\/assoalhossaopaulo.com.br\/wp-content\/uploads\/2021\/12\/Assoalho-de-madeira-Ipe.jpg'><img decoding=\"async\" width=\"150\" height=\"150\" src=\"https:\/\/assoalhossaopaulo.com.br\/wp-content\/uploads\/2021\/12\/Assoalho-de-madeira-Ipe-150x150.jpg\" class=\"attachment-thumbnail size-thumbnail\" alt=\"\" srcset=\"https:\/\/assoalhossaopaulo.com.br\/wp-content\/uploads\/2021\/12\/Assoalho-de-madeira-Ipe-150x150.jpg 150w, https:\/\/assoalhossaopaulo.com.br\/wp-content\/uploads\/2021\/12\/elementor\/thumbs\/Assoalho-de-madeira-Ipe-pia9gqkm9ryd7y533ocztg1jmv5vw2vir3xdopyg1k.jpg 300w, https:\/\/assoalhossaopaulo.com.br\/wp-content\/uploads\/2021\/12\/Assoalho-de-madeira-Ipe.jpg 500w\" sizes=\"(max-width: 150px) 100vw, 150px\" \/><\/a>\n\t\t\t<\/div><\/figure><figure class='gallery-item'>\n\t\t\t<div class='gallery-icon portrait'>\n\t\t\t\t<a data-elementor-open-lightbox=\"yes\" data-elementor-lightbox-slideshow=\"37bc541\" data-elementor-lightbox-title=\"assoalho-de-cumaru-861577\" data-elementor-lightbox-description=\"Assoalho de madera\" data-e-action-hash=\"#elementor-action%3Aaction%3Dlightbox%26settings%3DeyJpZCI6Mjg4LCJ1cmwiOiJodHRwczpcL1wvYXNzb2FsaG9zc2FvcGF1bG8uY29tLmJyXC93cC1jb250ZW50XC91cGxvYWRzXC8yMDIyXC8wMVwvYXNzb2FsaG8tZGUtY3VtYXJ1LTg2MTU3Ny5qcGciLCJzbGlkZXNob3ciOiIzN2JjNTQxIn0%3D\" href='https:\/\/assoalhossaopaulo.com.br\/wp-content\/uploads\/2022\/01\/assoalho-de-cumaru-861577.jpg'><img decoding=\"async\" width=\"150\" height=\"150\" src=\"https:\/\/assoalhossaopaulo.com.br\/wp-content\/uploads\/2022\/01\/assoalho-de-cumaru-861577-150x150.jpg\" class=\"attachment-thumbnail size-thumbnail\" alt=\"\" \/><\/a>\n\t\t\t<\/div><\/figure><figure class='gallery-item'>\n\t\t\t<div class='gallery-icon landscape'>\n\t\t\t\t<a data-elementor-open-lightbox=\"yes\" data-elementor-lightbox-slideshow=\"37bc541\" data-elementor-lightbox-title=\"ASSOALHO-DE-JATOBA-8-scaled\" data-elementor-lightbox-description=\"Assoalho de madera\" data-e-action-hash=\"#elementor-action%3Aaction%3Dlightbox%26settings%3DeyJpZCI6Mjg5LCJ1cmwiOiJodHRwczpcL1wvYXNzb2FsaG9zc2FvcGF1bG8uY29tLmJyXC93cC1jb250ZW50XC91cGxvYWRzXC8yMDIyXC8wMVwvQVNTT0FMSE8tREUtSkFUT0JBLTgtc2NhbGVkLTEuanBnIiwic2xpZGVzaG93IjoiMzdiYzU0MSJ9\" href='https:\/\/assoalhossaopaulo.com.br\/wp-content\/uploads\/2022\/01\/ASSOALHO-DE-JATOBA-8-scaled-1.jpg'><img loading=\"lazy\" decoding=\"async\" width=\"150\" height=\"150\" src=\"https:\/\/assoalhossaopaulo.com.br\/wp-content\/uploads\/2022\/01\/ASSOALHO-DE-JATOBA-8-scaled-1-150x150.jpg\" class=\"attachment-thumbnail size-thumbnail\" alt=\"\" \/><\/a>\n\t\t\t<\/div><\/figure><figure class='gallery-item'>\n\t\t\t<div class='gallery-icon landscape'>\n\t\t\t\t<a data-elementor-open-lightbox=\"yes\" data-elementor-lightbox-slideshow=\"37bc541\" data-elementor-lightbox-title=\"assoalho-madeira\" data-elementor-lightbox-description=\"Assoalho de madera\" data-e-action-hash=\"#elementor-action%3Aaction%3Dlightbox%26settings%3DeyJpZCI6MjkwLCJ1cmwiOiJodHRwczpcL1wvYXNzb2FsaG9zc2FvcGF1bG8uY29tLmJyXC93cC1jb250ZW50XC91cGxvYWRzXC8yMDIyXC8wMVwvYXNzb2FsaG8tbWFkZWlyYS5qcGciLCJzbGlkZXNob3ciOiIzN2JjNTQxIn0%3D\" href='https:\/\/assoalhossaopaulo.com.br\/wp-content\/uploads\/2022\/01\/assoalho-madeira.jpg'><img loading=\"lazy\" decoding=\"async\" width=\"150\" height=\"150\" src=\"https:\/\/assoalhossaopaulo.com.br\/wp-content\/uploads\/2022\/01\/assoalho-madeira-150x150.jpg\" class=\"attachment-thumbnail size-thumbnail\" alt=\"\" \/><\/a>\n\t\t\t<\/div><\/figure><figure class='gallery-item'>\n\t\t\t<div class='gallery-icon landscape'>\n\t\t\t\t<a data-elementor-open-lightbox=\"yes\" data-elementor-lightbox-slideshow=\"37bc541\" data-elementor-lightbox-title=\"Elemental_Cumaru_1595-6\" data-elementor-lightbox-description=\"Assoalho de madera\" data-e-action-hash=\"#elementor-action%3Aaction%3Dlightbox%26settings%3DeyJpZCI6MjkxLCJ1cmwiOiJodHRwczpcL1wvYXNzb2FsaG9zc2FvcGF1bG8uY29tLmJyXC93cC1jb250ZW50XC91cGxvYWRzXC8yMDIyXC8wMVwvRWxlbWVudGFsX0N1bWFydV8xNTk1LTYuanBnIiwic2xpZGVzaG93IjoiMzdiYzU0MSJ9\" href='https:\/\/assoalhossaopaulo.com.br\/wp-content\/uploads\/2022\/01\/Elemental_Cumaru_1595-6.jpg'><img loading=\"lazy\" decoding=\"async\" width=\"150\" height=\"150\" src=\"https:\/\/assoalhossaopaulo.com.br\/wp-content\/uploads\/2022\/01\/Elemental_Cumaru_1595-6-150x150.jpg\" class=\"attachment-thumbnail size-thumbnail\" alt=\"\" \/><\/a>\n\t\t\t<\/div><\/figure>\n\t\t<\/div>\n\t\t<\/div>\n\t\t\t\t\t\t<\/div>\n\t\t\t\t<\/div>\n\t\t\t\t\t<\/div>\n\t\t<\/div>\n\t\t\t\t\t<\/div>\n\t\t<\/section>\n\t\t\t\t<section class=\"elementor-section elementor-top-section elementor-element elementor-element-26489c0 elementor-section-boxed elementor-section-height-default elementor-section-height-default\" data-id=\"26489c0\" data-element_type=\"section\">\n\t\t\t\t\t\t<div class=\"elementor-container elementor-column-gap-default\">\n\t\t\t\t\t<div class=\"elementor-column elementor-col-50 elementor-top-column elementor-element elementor-element-c54541e\" data-id=\"c54541e\" data-element_type=\"column\">\n\t\t\t<div class=\"elementor-widget-wrap elementor-element-populated\">\n\t\t\t\t\t\t<div class=\"elementor-element elementor-element-96c4d88 elementor-widget elementor-widget-text-editor\" data-id=\"96c4d88\" data-element_type=\"widget\" data-widget_type=\"text-editor.default\">\n\t\t\t\t<div class=\"elementor-widget-container\">\n\t\t\t\t\t\t\t\t\t<p>Os assoalhos de madeira s\u00e3o caracterizados como t\u00e1buas largas e longas, fabricadas com madeira maci\u00e7a. O item \u00e9 essencial para o piso de qualquer ambiente, uma vez que tem a capacidade de promover bem-estar, aconchego e sofistica\u00e7\u00e3o. Contar com bons assoalhos de madeira \u00e9 promover um ambiente mais agrad\u00e1vel para se viver, tendo em vista que alinham requinte e muita beleza.<\/p><p>Quando bem instalados, os assoalhos de madeira roubam o f\u00f4lego de quem passa pelo local, proporcionando muito mais qualidade ao ambiente. O assoalho pode ser fabricado em v\u00e1rios tipos de madeira, como o ip\u00ea, a madeira maci\u00e7a, o cumaru, madeira oriunda de demoli\u00e7\u00e3o, entre outras.<\/p><p>Com visual r\u00fastico e muito agrad\u00e1vel, os assoalhos de madeira ganham espa\u00e7o nos mais variados ambientes, como:<br \/>&#8211; Halls de entrada;<br \/>&#8211; Salas de estar;<br \/>&#8211; Corredores;<br \/>&#8211; Lavabos;<br \/>&#8211; Dormit\u00f3rios.<\/p><p>Na hora de instalar, basta ter um pouco de imagina\u00e7\u00e3o para adequar o assoalho nos ambientes mais variados. Al\u00e9m de ser muito belo e sofisticado, o assoalho feito em madeira promove vantagens sobressalentes, principalmente no que diz respeito \u00e0 durabilidade e sofistica\u00e7\u00e3o.<\/p><p>No entanto, \u00e9 importante cuidar do assoalho sempre, proporcionando limpeza e higieniza\u00e7\u00e3o correta. Para instalar o assoalho, basta entrar em contato com a Assoalhos S\u00e3o Paulo, empresa extremamente qualificada, com v\u00e1rios anos de expertise no mercado.<\/p><p>Os assoalhos de madeira s\u00e3o vendidos pela Assoalhos S\u00e3o Paulo desde 1986, empresa que faz quest\u00e3o de alinhar tradicionalismo e muita qualidade em todos os seus produtos. O atendimento \u00e9 voltado para todo o pa\u00eds. Entre em contato assim que puder.<\/p>\t\t\t\t\t\t\t\t<\/div>\n\t\t\t\t<\/div>\n\t\t\t\t<div class=\"elementor-element elementor-element-cb1df59 elementor-widget elementor-widget-spacer\" data-id=\"cb1df59\" data-element_type=\"widget\" data-widget_type=\"spacer.default\">\n\t\t\t\t<div class=\"elementor-widget-container\">\n\t\t\t\t\t\t\t<div class=\"elementor-spacer\">\n\t\t\t<div class=\"elementor-spacer-inner\"><\/div>\n\t\t<\/div>\n\t\t\t\t\t\t<\/div>\n\t\t\t\t<\/div>\n\t\t\t\t\t<\/div>\n\t\t<\/div>\n\t\t\t\t<div class=\"elementor-column elementor-col-50 elementor-top-column elementor-element elementor-element-e9fbf61\" data-id=\"e9fbf61\" data-element_type=\"column\">\n\t\t\t<div class=\"elementor-widget-wrap elementor-element-populated\">\n\t\t\t\t\t\t<div class=\"elementor-element elementor-element-a4255e3 elementor-widget elementor-widget-heading\" data-id=\"a4255e3\" data-element_type=\"widget\" data-widget_type=\"heading.default\">\n\t\t\t\t<div class=\"elementor-widget-container\">\n\t\t\t\t\t<h2 class=\"elementor-heading-title elementor-size-default\">Solicite seu or\u00e7amento<\/h2>\t\t\t\t<\/div>\n\t\t\t\t<\/div>\n\t\t\t\t<div class=\"elementor-element elementor-element-48dc0af elementor-widget elementor-widget-spacer\" data-id=\"48dc0af\" data-element_type=\"widget\" data-widget_type=\"spacer.default\">\n\t\t\t\t<div class=\"elementor-widget-container\">\n\t\t\t\t\t\t\t<div class=\"elementor-spacer\">\n\t\t\t<div class=\"elementor-spacer-inner\"><\/div>\n\t\t<\/div>\n\t\t\t\t\t\t<\/div>\n\t\t\t\t<\/div>\n\t\t\t\t<div class=\"elementor-element elementor-element-2518357 elementor-button-align-stretch elementor-widget elementor-widget-form\" data-id=\"2518357\" data-element_type=\"widget\" data-settings=\"{&quot;step_next_label&quot;:&quot;Next&quot;,&quot;step_previous_label&quot;:&quot;Previous&quot;,&quot;button_width&quot;:&quot;100&quot;,&quot;step_type&quot;:&quot;number_text&quot;,&quot;step_icon_shape&quot;:&quot;circle&quot;}\" data-widget_type=\"form.default\">\n\t\t\t\t<div class=\"elementor-widget-container\">\n\t\t\t\t\t\t\t<form class=\"elementor-form\" method=\"post\" name=\"Or\u00e7amento\" aria-label=\"Or\u00e7amento\">\n\t\t\t<input type=\"hidden\" name=\"post_id\" value=\"98\"\/>\n\t\t\t<input type=\"hidden\" name=\"form_id\" value=\"2518357\"\/>\n\t\t\t<input type=\"hidden\" name=\"referer_title\" value=\"Assoalhos de Madeira\" \/>\n\n\t\t\t\t\t\t\t<input type=\"hidden\" name=\"queried_id\" value=\"98\"\/>\n\t\t\t\n\t\t\t<div class=\"elementor-form-fields-wrapper elementor-labels-above\">\n\t\t\t\t\t\t\t\t<div class=\"elementor-field-type-text elementor-field-group elementor-column elementor-field-group-name elementor-col-100 elementor-field-required elementor-mark-required\">\n\t\t\t\t\t\t\t\t\t\t\t\t<label for=\"form-field-name\" class=\"elementor-field-label\">\n\t\t\t\t\t\t\t\tNome completo\t\t\t\t\t\t\t<\/label>\n\t\t\t\t\t\t\t\t\t\t\t\t\t\t<input size=\"1\" type=\"text\" name=\"form_fields[name]\" id=\"form-field-name\" class=\"elementor-field elementor-size-sm  elementor-field-textual\" placeholder=\"Nome completo\" required=\"required\">\n\t\t\t\t\t\t\t\t\t\t\t<\/div>\n\t\t\t\t\t\t\t\t<div class=\"elementor-field-type-email elementor-field-group elementor-column elementor-field-group-email elementor-col-100 elementor-field-required elementor-mark-required\">\n\t\t\t\t\t\t\t\t\t\t\t\t<label for=\"form-field-email\" class=\"elementor-field-label\">\n\t\t\t\t\t\t\t\tEmail\t\t\t\t\t\t\t<\/label>\n\t\t\t\t\t\t\t\t\t\t\t\t\t\t<input size=\"1\" type=\"email\" name=\"form_fields[email]\" id=\"form-field-email\" class=\"elementor-field elementor-size-sm  elementor-field-textual\" placeholder=\"Email\" required=\"required\">\n\t\t\t\t\t\t\t\t\t\t\t<\/div>\n\t\t\t\t\t\t\t\t<div class=\"elementor-field-type-tel elementor-field-group elementor-column elementor-field-group-field_25aa56e elementor-col-100 elementor-field-required elementor-mark-required\">\n\t\t\t\t\t\t\t\t\t\t\t\t<label for=\"form-field-field_25aa56e\" class=\"elementor-field-label\">\n\t\t\t\t\t\t\t\tTelefone\t\t\t\t\t\t\t<\/label>\n\t\t\t\t\t\t\t\t<input size=\"1\" type=\"tel\" name=\"form_fields[field_25aa56e]\" id=\"form-field-field_25aa56e\" class=\"elementor-field elementor-size-sm  elementor-field-textual\" placeholder=\"(11) 99999-0000\" required=\"required\" pattern=\"[0-9()#&amp;+*-=.]+\" title=\"Only numbers and phone characters (#, -, *, etc) are accepted.\">\n\n\t\t\t\t\t\t<\/div>\n\t\t\t\t\t\t\t\t<div class=\"elementor-field-type-textarea elementor-field-group elementor-column elementor-field-group-message elementor-col-100 elementor-field-required elementor-mark-required\">\n\t\t\t\t\t\t\t\t\t\t\t\t<label for=\"form-field-message\" class=\"elementor-field-label\">\n\t\t\t\t\t\t\t\tMensagem:\t\t\t\t\t\t\t<\/label>\n\t\t\t\t\t\t<textarea class=\"elementor-field-textual elementor-field  elementor-size-sm\" name=\"form_fields[message]\" id=\"form-field-message\" rows=\"4\" placeholder=\"Descreva com detalhes sua necessidade para enviarmos um or\u00e7amento.\" required=\"required\"><\/textarea>\t\t\t\t<\/div>\n\t\t\t\t\t\t\t\t<div class=\"elementor-field-group elementor-column elementor-field-type-submit elementor-col-100 e-form__buttons\">\n\t\t\t\t\t<button class=\"elementor-button elementor-size-sm\" type=\"submit\">\n\t\t\t\t\t\t<span class=\"elementor-button-content-wrapper\">\n\t\t\t\t\t\t\t\t\t\t\t\t\t\t\t\t\t\t\t\t\t\t<span class=\"elementor-button-text\">Enviar<\/span>\n\t\t\t\t\t\t\t\t\t\t\t\t\t<\/span>\n\t\t\t\t\t<\/button>\n\t\t\t\t<\/div>\n\t\t\t<\/div>\n\t\t<\/form>\n\t\t\t\t\t\t<\/div>\n\t\t\t\t<\/div>\n\t\t\t\t\t<\/div>\n\t\t<\/div>\n\t\t\t\t\t<\/div>\n\t\t<\/section>\n\t\t\t\t<\/div>\n\t\t","protected":false},"excerpt":{"rendered":"<p>Assoalhos de Madeira Os assoalhos de madeira s\u00e3o caracterizados como t\u00e1buas largas e longas, fabricadas com madeira maci\u00e7a. O item \u00e9 essencial para o piso de qualquer ambiente, uma vez que tem a capacidade de promover bem-estar, aconchego e sofistica\u00e7\u00e3o. Contar com bons assoalhos de madeira \u00e9 promover um ambiente mais agrad\u00e1vel para se viver, [&hellip;]<\/p>\n","protected":false},"author":1,"featured_media":0,"parent":15,"menu_order":0,"comment_status":"closed","ping_status":"closed","template":"elementor_header_footer","meta":{"footnotes":""},"class_list":["post-98","page","type-page","status-publish","hentry"],"_links":{"self":[{"href":"https:\/\/assoalhossaopaulo.com.br\/index.php?rest_route=\/wp\/v2\/pages\/98","targetHints":{"allow":["GET"]}}],"collection":[{"href":"https:\/\/assoalhossaopaulo.com.br\/index.php?rest_route=\/wp\/v2\/pages"}],"about":[{"href":"https:\/\/assoalhossaopaulo.com.br\/index.php?rest_route=\/wp\/v2\/types\/page"}],"author":[{"embeddable":true,"href":"https:\/\/assoalhossaopaulo.com.br\/index.php?rest_route=\/wp\/v2\/users\/1"}],"replies":[{"embeddable":true,"href":"https:\/\/assoalhossaopaulo.com.br\/index.php?rest_route=%2Fwp%2Fv2%2Fcomments&post=98"}],"version-history":[{"count":16,"href":"https:\/\/assoalhossaopaulo.com.br\/index.php?rest_route=\/wp\/v2\/pages\/98\/revisions"}],"predecessor-version":[{"id":426,"href":"https:\/\/assoalhossaopaulo.com.br\/index.php?rest_route=\/wp\/v2\/pages\/98\/revisions\/426"}],"up":[{"embeddable":true,"href":"https:\/\/assoalhossaopaulo.com.br\/index.php?rest_route=\/wp\/v2\/pages\/15"}],"wp:attachment":[{"href":"https:\/\/assoalhossaopaulo.com.br\/index.php?rest_route=%2Fwp%2Fv2%2Fmedia&parent=98"}],"curies":[{"name":"wp","href":"https:\/\/api.w.org\/{rel}","templated":true}]}}